{"id":1748,"date":"2019-09-01T11:55:11","date_gmt":"2019-09-01T10:55:11","guid":{"rendered":"https:\/\/albrechtconsult.com\/?page_id=1748"},"modified":"2019-09-01T11:57:34","modified_gmt":"2019-09-01T10:57:34","slug":"our-customers","status":"publish","type":"page","link":"https:\/\/albrechtconsult.com\/en\/our-customers\/","title":{"rendered":"Our customers"},"content":{"rendered":"<p><strong>The customers of AlbrechtConsult GmbH includes:<\/strong><\/p>\n<ul>\n<li>ASFINAG Maut Service GmbH<\/li>\n<li>AustriaTech<\/li>\n<li>Bundesanstalt f\u00fcr Stra\u00dfenwesen (BASt)<\/li>\n<li>Bundesministerium f\u00fcr Verkehr und digitale Infrastruktur<\/li>\n<li>Br\u00fcssel Mobilit\u00e9 &#8211; AED<\/li>\n<li>Freie Hansestadt Bremen<\/li>\n<li>Generaldirektion Wasserstra\u00dfen und Schifffahrt<\/li>\n<li>Hessen Mobil<\/li>\n<li>ITS-Hessen<\/li>\n<li>Land Vorarlberg<\/li>\n<li>Landesbetrieb f\u00fcr Stra\u00dfenbau &#8211; Saarland<\/li>\n<li>Landesbetrieb Mobilit\u00e4t Rheinland-Pfalz<\/li>\n<li>Landesbetrieb Stra\u00dfenbau NRW<\/li>\n<li>Landesbetrieb Stra\u00dfenbau und Verkehr Schleswig-Holstein<\/li>\n<li>Landeshauptstadt D\u00fcsseldorf<\/li>\n<li>Landeshauptstadt M\u00fcnchen<\/li>\n<li>Landeshauptstadt Saarbr\u00fccken<\/li>\n<li>Landeshauptstadt Wiesbaden<\/li>\n<li>Nederlandse Normalisatie-instituut<\/li>\n<li>OCA e.V.<\/li>\n<li>\u00d6sterreichische Forschungsf\u00f6rdergesellschaft mbH<\/li>\n<li>Rheinbahn AG D\u00fcsseldorf<\/li>\n<li>SINTEF<\/li>\n<li>Stadt Eschweiler<\/li>\n<li>Stadt Frankfurt am Main<\/li>\n<li>Stadt J\u00fclich<\/li>\n<li>Stadt K\u00f6ln<\/li>\n<li>Stadt N\u00fcrnberg<\/li>\n<li>Stadt Salzburg<\/li>\n<li>Stadt Solingen<\/li>\n<li>Stadt Troisdorf<\/li>\n<li>Stadt Wien<\/li>\n<li>St\u00e4dteRegion Aachen<\/li>\n<li>Strassen NRW<\/li>\n<li>Verband Region Stuttgart<\/li>\n<\/ul>\n","protected":false},"excerpt":{"rendered":"<p>The customers of AlbrechtConsult GmbH includes: ASFINAG Maut Service GmbH AustriaTech Bundesanstalt f\u00fcr Stra\u00dfenwesen (BASt) Bundesministerium f\u00fcr Verkehr und digitale Infrastruktur Br\u00fcssel Mobilit\u00e9 &#8211; AED Freie Hansestadt Bremen Generaldirektion Wasserstra\u00dfen und Schifffahrt Hessen Mobil ITS-Hessen Land Vorarlberg Landesbetrieb f\u00fcr Stra\u00dfenbau &#8211; Saarland Landesbetrieb Mobilit\u00e4t Rheinland-Pfalz Landesbetrieb Stra\u00dfenbau NRW Landesbetrieb Stra\u00dfenbau und Verkehr Schleswig-Holstein Landeshauptstadt D\u00fcsseldorf<a href=\"https:\/\/albrechtconsult.com\/en\/our-customers\/\" class=\"read-more\">&nbsp; Continue Reading &raquo;<\/a><\/p>\n","protected":false},"author":4,"featured_media":0,"parent":0,"menu_order":0,"comment_status":"closed","ping_status":"closed","template":"technologietransfer.php","meta":{"footnotes":""},"class_list":["post-1748","page","type-page","status-publish","hentry"],"yoast_head":"<!-- This site is optimized with the Yoast SEO plugin v27.3 - https:\/\/yoast.com\/product\/yoast-seo-wordpress\/ -->\n<title>Our customers - AlbrechtConsult<\/title>\n<meta name=\"robots\" content=\"index, follow, max-snippet:-1, max-image-preview:large, max-video-preview:-1\" \/>\n<link rel=\"canonical\" href=\"https:\/\/albrechtconsult.com\/en\/our-customers\/\" \/>\n<meta property=\"og:locale\" content=\"en_US\" \/>\n<meta property=\"og:type\" content=\"article\" \/>\n<meta property=\"og:title\" content=\"Our customers - AlbrechtConsult\" \/>\n<meta property=\"og:description\" content=\"The customers of AlbrechtConsult GmbH includes: ASFINAG Maut Service GmbH AustriaTech Bundesanstalt f\u00fcr Stra\u00dfenwesen (BASt) Bundesministerium f\u00fcr Verkehr und digitale Infrastruktur Br\u00fcssel Mobilit\u00e9 &#8211; AED Freie Hansestadt Bremen Generaldirektion Wasserstra\u00dfen und Schifffahrt Hessen Mobil ITS-Hessen Land Vorarlberg Landesbetrieb f\u00fcr Stra\u00dfenbau &#8211; Saarland Landesbetrieb Mobilit\u00e4t Rheinland-Pfalz Landesbetrieb Stra\u00dfenbau NRW Landesbetrieb Stra\u00dfenbau und Verkehr Schleswig-Holstein Landeshauptstadt D\u00fcsseldorf&nbsp; Continue Reading &raquo;\" \/>\n<meta property=\"og:url\" content=\"https:\/\/albrechtconsult.com\/en\/our-customers\/\" \/>\n<meta property=\"og:site_name\" content=\"AlbrechtConsult\" \/>\n<meta property=\"article:modified_time\" content=\"2019-09-01T10:57:34+00:00\" \/>\n<meta name=\"twitter:card\" content=\"summary_large_image\" \/>\n<meta name=\"twitter:label1\" content=\"Est. reading time\" \/>\n\t<meta name=\"twitter:data1\" content=\"1 minute\" \/>\n<script type=\"application\/ld+json\" class=\"yoast-schema-graph\">{\"@context\":\"https:\\\/\\\/schema.org\",\"@graph\":[{\"@type\":\"WebPage\",\"@id\":\"https:\\\/\\\/albrechtconsult.com\\\/en\\\/our-customers\\\/\",\"url\":\"https:\\\/\\\/albrechtconsult.com\\\/en\\\/our-customers\\\/\",\"name\":\"Our customers - AlbrechtConsult\",\"isPartOf\":{\"@id\":\"https:\\\/\\\/albrechtconsult.com\\\/#website\"},\"datePublished\":\"2019-09-01T10:55:11+00:00\",\"dateModified\":\"2019-09-01T10:57:34+00:00\",\"breadcrumb\":{\"@id\":\"https:\\\/\\\/albrechtconsult.com\\\/en\\\/our-customers\\\/#breadcrumb\"},\"inLanguage\":\"en-US\",\"potentialAction\":[{\"@type\":\"ReadAction\",\"target\":[\"https:\\\/\\\/albrechtconsult.com\\\/en\\\/our-customers\\\/\"]}]},{\"@type\":\"BreadcrumbList\",\"@id\":\"https:\\\/\\\/albrechtconsult.com\\\/en\\\/our-customers\\\/#breadcrumb\",\"itemListElement\":[{\"@type\":\"ListItem\",\"position\":1,\"name\":\"Home\",\"item\":\"https:\\\/\\\/albrechtconsult.com\\\/en\\\/\"},{\"@type\":\"ListItem\",\"position\":2,\"name\":\"Our customers\"}]},{\"@type\":\"WebSite\",\"@id\":\"https:\\\/\\\/albrechtconsult.com\\\/#website\",\"url\":\"https:\\\/\\\/albrechtconsult.com\\\/\",\"name\":\"AlbrechtConsult\",\"description\":\"AlbrechtConsult\",\"potentialAction\":[{\"@type\":\"SearchAction\",\"target\":{\"@type\":\"EntryPoint\",\"urlTemplate\":\"https:\\\/\\\/albrechtconsult.com\\\/?s={search_term_string}\"},\"query-input\":{\"@type\":\"PropertyValueSpecification\",\"valueRequired\":true,\"valueName\":\"search_term_string\"}}],\"inLanguage\":\"en-US\"}]}<\/script>\n<!-- \/ Yoast SEO plugin. -->","yoast_head_json":{"title":"Our customers - AlbrechtConsult","robots":{"index":"index","follow":"follow","max-snippet":"max-snippet:-1","max-image-preview":"max-image-preview:large","max-video-preview":"max-video-preview:-1"},"canonical":"https:\/\/albrechtconsult.com\/en\/our-customers\/","og_locale":"en_US","og_type":"article","og_title":"Our customers - AlbrechtConsult","og_description":"The customers of AlbrechtConsult GmbH includes: ASFINAG Maut Service GmbH AustriaTech Bundesanstalt f\u00fcr Stra\u00dfenwesen (BASt) Bundesministerium f\u00fcr Verkehr und digitale Infrastruktur Br\u00fcssel Mobilit\u00e9 &#8211; AED Freie Hansestadt Bremen Generaldirektion Wasserstra\u00dfen und Schifffahrt Hessen Mobil ITS-Hessen Land Vorarlberg Landesbetrieb f\u00fcr Stra\u00dfenbau &#8211; Saarland Landesbetrieb Mobilit\u00e4t Rheinland-Pfalz Landesbetrieb Stra\u00dfenbau NRW Landesbetrieb Stra\u00dfenbau und Verkehr Schleswig-Holstein Landeshauptstadt D\u00fcsseldorf&nbsp; Continue Reading &raquo;","og_url":"https:\/\/albrechtconsult.com\/en\/our-customers\/","og_site_name":"AlbrechtConsult","article_modified_time":"2019-09-01T10:57:34+00:00","twitter_card":"summary_large_image","twitter_misc":{"Est. reading time":"1 minute"},"schema":{"@context":"https:\/\/schema.org","@graph":[{"@type":"WebPage","@id":"https:\/\/albrechtconsult.com\/en\/our-customers\/","url":"https:\/\/albrechtconsult.com\/en\/our-customers\/","name":"Our customers - AlbrechtConsult","isPartOf":{"@id":"https:\/\/albrechtconsult.com\/#website"},"datePublished":"2019-09-01T10:55:11+00:00","dateModified":"2019-09-01T10:57:34+00:00","breadcrumb":{"@id":"https:\/\/albrechtconsult.com\/en\/our-customers\/#breadcrumb"},"inLanguage":"en-US","potentialAction":[{"@type":"ReadAction","target":["https:\/\/albrechtconsult.com\/en\/our-customers\/"]}]},{"@type":"BreadcrumbList","@id":"https:\/\/albrechtconsult.com\/en\/our-customers\/#breadcrumb","itemListElement":[{"@type":"ListItem","position":1,"name":"Home","item":"https:\/\/albrechtconsult.com\/en\/"},{"@type":"ListItem","position":2,"name":"Our customers"}]},{"@type":"WebSite","@id":"https:\/\/albrechtconsult.com\/#website","url":"https:\/\/albrechtconsult.com\/","name":"AlbrechtConsult","description":"AlbrechtConsult","potentialAction":[{"@type":"SearchAction","target":{"@type":"EntryPoint","urlTemplate":"https:\/\/albrechtconsult.com\/?s={search_term_string}"},"query-input":{"@type":"PropertyValueSpecification","valueRequired":true,"valueName":"search_term_string"}}],"inLanguage":"en-US"}]}},"_links":{"self":[{"href":"https:\/\/albrechtconsult.com\/en\/wp-json\/wp\/v2\/pages\/1748\/"}],"collection":[{"href":"https:\/\/albrechtconsult.com\/en\/wp-json\/wp\/v2\/pages\/"}],"about":[{"href":"https:\/\/albrechtconsult.com\/en\/wp-json\/wp\/v2\/types\/page\/"}],"author":[{"embeddable":true,"href":"https:\/\/albrechtconsult.com\/en\/wp-json\/wp\/v2\/users\/4\/"}],"replies":[{"embeddable":true,"href":"https:\/\/albrechtconsult.com\/en\/wp-json\/wp\/v2\/comments\/?post=1748"}],"version-history":[{"count":0,"href":"https:\/\/albrechtconsult.com\/en\/wp-json\/wp\/v2\/pages\/1748\/revisions\/"}],"wp:attachment":[{"href":"https:\/\/albrechtconsult.com\/en\/wp-json\/wp\/v2\/media\/?parent=1748"}],"curies":[{"name":"wp","href":"https:\/\/api.w.org\/{rel}","templated":true}]}}